{"id":3,"date":"2020-06-26T08:46:08","date_gmt":"2020-06-26T07:46:08","guid":{"rendered":"https:\/\/dielipizza.ch\/?page_id=3"},"modified":"2025-07-02T04:15:45","modified_gmt":"2025-07-02T03:15:45","slug":"datenschutz","status":"publish","type":"page","link":"https:\/\/puls29.ch\/?page_id=3","title":{"rendered":"Datenschutzerkl\u00e4rung"},"content":{"rendered":"<h2>Impressum<\/h2>\r\n<p><!-- \/wp:post-content --><\/p>\r\n<p><!-- wp:paragraph --><\/p>\r\n<p>Restaurant Pizzeria &amp; Shishabar Puls29<br \/>Kaiserstuhlstrasse 29, CH-8172 Niederglatt<br \/>Tel: +41 (0)44 850 10 20<br \/>Gesch\u00e4ftsf\u00fchrer: Nurettin Baran<\/p>\r\n<p><!-- \/wp:paragraph --><\/p>\r\n<p><!-- wp:paragraph --><\/p>\r\n<p>Umsatzsteuer-Identifikationsnummer gem\u00e4\u00df \u00a7 27a Umsatzsteuergesetz:<br \/><br \/><\/p>\r\n<p><!-- \/wp:paragraph --><\/p>\r\n<p><!-- wp:paragraph --><\/p>\r\n<p>Allgemeine Gesch\u00e4ftsbedingungen: Link zu den AGB<\/p>\r\n<p><!-- \/wp:paragraph --><\/p>\r\n<p><!-- wp:paragraph --><\/p>\r\n<p>Verantwortlich nach TMG: Nurettin Baran<\/p>\r\n<p><!-- \/wp:paragraph --><\/p>\r\n<p><!-- wp:paragraph --><\/p>\r\n<p>Quellennachweis: ausgew\u00e4hlte Bilder von \u00a9 Restaurant Pizzeria Puls29 Bandow | \u00a9 Murat Dogruel | www.clipdealer.com | \u00a9 fotolia.de karepa | \u00a9 fotolia.de ExQuisine<\/p>\r\n<p><!-- \/wp:paragraph --><\/p>\r\n<p><!-- wp:heading --><\/p>\r\n<h2>Datenschutzerkl\u00e4rung<\/h2>\r\n<p><!-- \/wp:heading --><\/p>\r\n<p><!-- wp:paragraph --><\/p>\r\n<p>Wir freuen uns \u00fcber Ihr Interesse an unserer Website. F\u00fcr externe Links zu fremden Inhalten k\u00f6nnen wir dabei trotz sorgf\u00e4ltiger inhaltlicher Kontrolle keine Haftung \u00fcbernehmen. Der Schutz Ihrer personenbezogenen Daten bei der Erhebung, Verarbeitung und Nutzung anl\u00e4sslich Ihres Besuchs auf unserer Website ist uns ein wichtiges Anliegen. Ihre Daten werden im Rahmen der gesetzlichen Vorschriften gesch\u00fctzt. Nachfolgend finden Sie Informationen, welche Daten w\u00e4hrend Ihres Besuchs auf der Website erfasst und wie diese genutzt werden:<\/p>\r\n<p><!-- \/wp:paragraph --><\/p>\r\n<p><!-- wp:paragraph --><\/p>\r\n<p><strong><em>1. Erhebung und Verarbeitung von Daten<\/em><\/strong><\/p>\r\n<p><!-- \/wp:paragraph --><\/p>\r\n<p><!-- wp:paragraph --><\/p>\r\n<p>Jeder Zugriff auf unsere Website und jeder Abruf einer auf der Website hinterlegten Datei werden protokolliert. Die Speicherung dient internen systembezogenen und statistischen Zwecken. Protokolliert werden: Name der abgerufenen Datei, Datum und Uhrzeit des Abrufs, \u00fcbertragene Datenmenge, Meldung \u00fcber erfolgreichen Abruf, Webbrowser und anfragende Domain. Zus\u00e4tzlich werden die IP Adressen der anfragenden Rechner protokolliert. Weitergehende personenbezogene Daten werden nur erfasst, wenn Sie diese Angaben freiwillig, etwa im Rahmen einer Anfrage oder Registrierung, machen.<\/p>\r\n<p><!-- \/wp:paragraph --><\/p>\r\n<p><!-- wp:paragraph --><\/p>\r\n<p><strong><em>2. Nutzung und Weitergabe personenbezogener Daten<\/em><\/strong><\/p>\r\n<p><!-- \/wp:paragraph --><\/p>\r\n<p><!-- wp:paragraph --><\/p>\r\n<p>Soweit Sie uns personenbezogene Daten zur Verf\u00fcgung gestellt haben, verwenden wir diese nur zur Beantwortung Ihrer Anfragen, zur Abwicklung mit Ihnen geschlossener Vertr\u00e4ge und f\u00fcr die technische Administration. Ihre personenbezogenen Daten werden an Dritte nur weitergegeben oder sonst \u00fcbermittelt, wenn dies zum Zwecke der Vertragsabwicklung &#8211; insbesondere Weitergabe von Bestelldaten an Lieferanten &#8211; erforderlich ist, dies zu Abrechnungszwecken erforderlich ist oder Sie zuvor eingewilligt haben. Sie haben das Recht, eine erteilte Einwilligung mit Wirkung f\u00fcr die Zukunft jederzeit zu widerrufen. Die L\u00f6schung der gespeicherten personenbezogenen Daten erfolgt, wenn Sie Ihre Einwilligung zur Speicherung widerrufen, wenn ihre Kenntnis zur Erf\u00fcllung des mit der Speicherung verfolgten Zwecks nicht mehr erforderlich ist oder wenn ihre Speicherung aus sonstigen gesetzlichen Gr\u00fcnden unzul\u00e4ssig ist.<\/p>\r\n<p><!-- \/wp:paragraph --><\/p>\r\n<p><!-- wp:paragraph --><\/p>\r\n<p><strong><em>3. Auskunftsrecht<\/em><\/strong><\/p>\r\n<p><!-- \/wp:paragraph --><\/p>\r\n<p><!-- wp:paragraph --><\/p>\r\n<p>Auf schriftliche Anfrage werden wir Sie gern \u00fcber die zu Ihrer Person gespeicherten Daten informieren. Sicherheitshinweis: Wir sind bem\u00fcht, Ihre personenbezogenen Daten durch Ergreifung aller technischen und organisatorischen M\u00f6glichkeiten so zu speichern, dass sie f\u00fcr Dritte nicht zug\u00e4nglich sind. Bei der Kommunikation per E Mail kann die vollst\u00e4ndige Datensicherheit von uns nicht gew\u00e4hrleistet werden, so dass wir Ihnen bei vertraulichen Informationen den Postweg empfehlen.<\/p>\r\n<p><!-- \/wp:paragraph --><\/p>\r\n<p><!-- wp:heading {\"level\":3} --><\/p>\r\n<h3>Cookies<\/h3>\r\n<p><!-- \/wp:heading --><\/p>\r\n<p><!-- wp:paragraph --><\/p>\r\n<p>Bei Internet-Cookies handelt es sich um kleine Datenpakete, die von Ihrem Browser auf dem Festplattenlaufwerk Ihres Computers gespeichert werden. Wir verwenden auf unserer Website Cookies. Solche Cookies sind notwendig, damit Sie sich auf der Website frei bewegen und deren Features nutzen k\u00f6nnen; hierzu geh\u00f6rt u. a. auch der Zugriff auf gesicherte Bereiche der Website. Durch Cookies k\u00f6nnen wir nachvollziehen, wer die Seite(n) besucht hat, und hieraus ableiten, wie h\u00e4ufig bestimmte Seiten besucht werden, welche Teile der Site sich besonderer Beliebtheit erfreuen. Session-Cookies speichern Informationen \u00fcber Ihre Aktivit\u00e4ten auf unserer Website.<\/p>\r\n<p><!-- \/wp:paragraph --><\/p>\r\n<p><!-- wp:paragraph --><\/p>\r\n<p>Diese Website wurde mit dem Worldsoft-CMS erstellt. Das Worldsoft-CMS verwendet die nachfolgend aufgelisteten Cookies \u2013 je nach den eingesetzten Modulen:<\/p>\r\n<p><!-- \/wp:paragraph --><\/p>\r\n<p><!-- wp:paragraph --><\/p>\r\n<p>Name Persistenz Beschreibung<br \/>Usercookie 365 Tage Angemeldeter User<br \/>session_name 15 Min. Session<br \/>wslanguage 15 Min. Gew\u00e4hlte Sprache<br \/>install_language 15 Min. Sprache der CMS-Installation<br \/>ws_delayedPopup_* 1825 Tage Popup nur einmal zeigen<br \/>wspollsvoterid 30 Tage Umfrage\/nur eine Antwort m\u00f6glich<br \/>reseller_nr 90 Tage Bestimmung des Resellers<br \/>wsshopbasketid 30 Tage Shop Modul \u2013 Warenkorb<br \/>wsvote_* 15 Min. Voting Modul Erstanbieter<\/p>\r\n<p><!-- \/wp:paragraph --><\/p>\r\n<p><!-- wp:heading {\"level\":3} --><\/p>\r\n<h3>Google Analytics<\/h3>\r\n<p><!-- \/wp:heading --><\/p>\r\n<p><!-- wp:paragraph --><\/p>\r\n<p>Diese Website benutzt Google Analytics, einen Webanalysedienst der Google Inc. (\u201eGoogle\u201c). Google Analytics verwendet sog. \u201eCookies\u201c, Textdateien, die auf Ihrem Computer gespeichert werden und die eine Analyse der Benutzung der Website durch Sie erm\u00f6glicht. Die durch den Cookie erzeugten Informationen \u00fcber Ihre Benutzung dieser Website (einschlie\u00dflich Ihrer IP-Adresse) wird an einen Server von Google in den USA \u00fcbertragen und dort gespeichert. Google wird diese Informationen benutzen, um Ihre Nutzung der Website auszuwerten, um Reports \u00fcber die Websiteaktivit\u00e4ten f\u00fcr die Websitebetreiber zusammenzustellen und um weitere mit der Websitenutzung und der Internetnutzung verbundene Dienstleistungen zu erbringen. Auch wird Google diese Informationen gegebenenfalls an Dritte \u00fcbertragen, sofern dies gesetzlich vorgeschrieben oder soweit Dritte diese Daten im Auftrag von Google verarbeiten. Google wird in keinem Fall Ihre IP-Adresse mit anderen Daten, die von Google gespeichert werden, in Verbindung bringen. Sie k\u00f6nnen die Installation der Cookies durch eine entsprechende Einstellung Ihrer Browser Software verhindern; wir weisen Sie jedoch darauf hin, dass Sie in diesem Fall gegebenenfalls nicht s\u00e4mtliche Funktionen dieser Website voll umf\u00e4nglich nutzen k\u00f6nnen. Durch die Nutzung dieser Website erkl\u00e4ren Sie sich mit der Bearbeitung der \u00fcber Sie erhobenen Daten durch Google in der zuvor beschriebenen Art und Weise und zu dem zuvor benannten Zweck einverstanden.<\/p>\r\n<p><!-- \/wp:paragraph --><\/p>\r\n<p><!-- wp:heading {\"level\":3} --><\/p>\r\n<h3>Hinweise zu Facebook-Plugins<\/h3>\r\n<p><!-- \/wp:heading --><\/p>\r\n<p><!-- wp:paragraph --><\/p>\r\n<p>Wir verwenden in unserem Internetauftritt Plugins des Online-Netzwerkportals \u00bbFacebook\u00ab.<br \/>Betreiber dieses Netzwerkes ist die Facebook Inc.; 1601 S. California Avenue, Palo Alto, CA 94304, USA.<br \/>Bei den Plugins handelt es sich um einen Button mit der Bezeichnung \u00bbGef\u00e4llt mir\u00ab und um das Logo der Facebook Inc. \u2013 einem wei\u00dfen \u00bbf\u00ab auf blauem Hintergrund. Erkennbar sind solche Plugins auch an dem Hinweis \u00bbSoziales Plugin von Facebook\u00ab, der auf der Website zu finden sein kann.<\/p>\r\n<p><!-- \/wp:paragraph --><\/p>\r\n<p><!-- wp:paragraph --><\/p>\r\n<p>Wenn Sie unsere Website aufrufen, wird durch Ihren Browser eine direkte Verbindung zu den Servern der Facebook Inc. hergestellt, wobei der konkrete Inhalt des Plugins von Facebook auf deren Servern bereitgestellt und schlie\u00dflich \u00fcber Ihren Browser direkt in unsere Website eingebunden wird.<\/p>\r\n<p><!-- \/wp:paragraph --><\/p>\r\n<p><!-- wp:paragraph --><\/p>\r\n<p>Sind Sie Mitglied bei Facebook und w\u00e4hrend des Besuchs auf unserer Website bei Facebook eingeloggt, kann schon dieser Besuch Ihrem Facebook-Benutzerkonto zugeordnet werden. Sofern Sie den \u00bbGef\u00e4llt mir\u00ab Button nutzen wird diese Information ebenfalls direkt an Facebook \u00fcbermittelt und dort gespeichert. Die Zuordnung des Besuchs auf unserer Website zu Ihrem Facebook-Konto k\u00f6nnen Sie vermeiden, wenn Sie sich zuvor bei Facebook ausgeloggt haben. Auch wenn Sie nicht Mitglied bei Facebook sind, wird m\u00f6glicherweise Ihre IP-Adresse bei dem Besuch unserer Website an die Facebook Inc. \u00fcbermittelt und gespeichert.<\/p>\r\n<p><!-- \/wp:paragraph --><\/p>\r\n<p><!-- wp:paragraph --><\/p>\r\n<p>Weitere Informationen zum Umfang und Zwecke der Erhebung und Verwendung personenbezogener Daten durch Facebook sowie Hinweise zu Einstellungsm\u00f6glichkeiten f\u00fcr Facebook-Benutzerkonten zum Schutz der Privatsph\u00e4re finden Sie unter: http:\/\/www.facebook.com\/policy.php<\/p>\r\n<p><!-- \/wp:paragraph --><\/p>","protected":false},"excerpt":{"rendered":"<p>Impressum Restaurant Pizzeria &amp; Shishabar Puls29Kaiserstuhlstrasse 29, CH-8172 NiederglattTel: +41 (0)44 850 10 20Gesch\u00e4ftsf\u00fchrer: Nurettin Baran Umsatzsteuer-Identifikationsnummer gem\u00e4\u00df \u00a7 27a Umsatzsteuergesetz: Allgemeine Gesch\u00e4ftsbedingungen: Link zu den AGB Verantwortlich nach TMG: Nurettin Baran Quellennachweis: ausgew\u00e4hlte Bilder von \u00a9 Restaurant Pizzeria Puls29 Bandow | \u00a9 Murat Dogruel | www.clipdealer.com | \u00a9 fotolia.de karepa | \u00a9 fotolia.de ExQuisine [&hellip;]<\/p>\n","protected":false},"author":1,"featured_media":0,"parent":0,"menu_order":0,"comment_status":"closed","ping_status":"closed","template":"elementor_header_footer","meta":{"_monsterinsights_skip_tracking":false,"_monsterinsights_sitenote_active":false,"_monsterinsights_sitenote_note":"","_monsterinsights_sitenote_category":0,"ocean_post_layout":"","ocean_both_sidebars_style":"","ocean_both_sidebars_content_width":0,"ocean_both_sidebars_sidebars_width":0,"ocean_sidebar":"0","ocean_second_sidebar":"0","ocean_disable_margins":"on","ocean_add_body_class":"","ocean_shortcode_before_top_bar":"","ocean_shortcode_after_top_bar":"","ocean_shortcode_before_header":"","ocean_shortcode_after_header":"","ocean_has_shortcode":"","ocean_shortcode_after_title":"","ocean_shortcode_before_footer_widgets":"","ocean_shortcode_after_footer_widgets":"","ocean_shortcode_before_footer_bottom":"","ocean_shortcode_after_footer_bottom":"","ocean_display_top_bar":"default","ocean_display_header":"default","ocean_header_style":"","ocean_center_header_left_menu":"0","ocean_custom_header_template":"0","ocean_custom_logo":0,"ocean_custom_retina_logo":0,"ocean_custom_logo_max_width":0,"ocean_custom_logo_tablet_max_width":0,"ocean_custom_logo_mobile_max_width":0,"ocean_custom_logo_max_height":0,"ocean_custom_logo_tablet_max_height":0,"ocean_custom_logo_mobile_max_height":0,"ocean_header_custom_menu":"0","ocean_menu_typo_font_family":"0","ocean_menu_typo_font_subset":"","ocean_menu_typo_font_size":0,"ocean_menu_typo_font_size_tablet":0,"ocean_menu_typo_font_size_mobile":0,"ocean_menu_typo_font_size_unit":"px","ocean_menu_typo_font_weight":"","ocean_menu_typo_font_weight_tablet":"","ocean_menu_typo_font_weight_mobile":"","ocean_menu_typo_transform":"","ocean_menu_typo_transform_tablet":"","ocean_menu_typo_transform_mobile":"","ocean_menu_typo_line_height":0,"ocean_menu_typo_line_height_tablet":0,"ocean_menu_typo_line_height_mobile":0,"ocean_menu_typo_line_height_unit":"","ocean_menu_typo_spacing":0,"ocean_menu_typo_spacing_tablet":0,"ocean_menu_typo_spacing_mobile":0,"ocean_menu_typo_spacing_unit":"","ocean_menu_link_color":"","ocean_menu_link_color_hover":"","ocean_menu_link_color_active":"","ocean_menu_link_background":"","ocean_menu_link_hover_background":"","ocean_menu_link_active_background":"","ocean_menu_social_links_bg":"","ocean_menu_social_hover_links_bg":"","ocean_menu_social_links_color":"","ocean_menu_social_hover_links_color":"","ocean_disable_title":"on","ocean_disable_heading":"default","ocean_post_title":"","ocean_post_subheading":"","ocean_post_title_style":"","ocean_post_title_background_color":"","ocean_post_title_background":0,"ocean_post_title_bg_image_position":"","ocean_post_title_bg_image_attachment":"","ocean_post_title_bg_image_repeat":"","ocean_post_title_bg_image_size":"","ocean_post_title_height":0,"ocean_post_title_bg_overlay":0.5,"ocean_post_title_bg_overlay_color":"","ocean_disable_breadcrumbs":"default","ocean_breadcrumbs_color":"","ocean_breadcrumbs_separator_color":"","ocean_breadcrumbs_links_color":"","ocean_breadcrumbs_links_hover_color":"","ocean_display_footer_widgets":"default","ocean_display_footer_bottom":"default","ocean_custom_footer_template":"0","footnotes":""},"class_list":["post-3","page","type-page","status-publish","hentry","entry"],"aioseo_notices":[],"_links":{"self":[{"href":"https:\/\/puls29.ch\/index.php?rest_route=\/wp\/v2\/pages\/3","targetHints":{"allow":["GET"]}}],"collection":[{"href":"https:\/\/puls29.ch\/index.php?rest_route=\/wp\/v2\/pages"}],"about":[{"href":"https:\/\/puls29.ch\/index.php?rest_route=\/wp\/v2\/types\/page"}],"author":[{"embeddable":true,"href":"https:\/\/puls29.ch\/index.php?rest_route=\/wp\/v2\/users\/1"}],"replies":[{"embeddable":true,"href":"https:\/\/puls29.ch\/index.php?rest_route=%2Fwp%2Fv2%2Fcomments&post=3"}],"version-history":[{"count":0,"href":"https:\/\/puls29.ch\/index.php?rest_route=\/wp\/v2\/pages\/3\/revisions"}],"wp:attachment":[{"href":"https:\/\/puls29.ch\/index.php?rest_route=%2Fwp%2Fv2%2Fmedia&parent=3"}],"curies":[{"name":"wp","href":"https:\/\/api.w.org\/{rel}","templated":true}]}}